{"id":4407,"date":"2022-10-25T08:28:35","date_gmt":"2022-10-25T08:28:35","guid":{"rendered":"https:\/\/gran.finance\/?page_id=4407"},"modified":"2022-10-28T02:27:07","modified_gmt":"2022-10-28T02:27:07","slug":"privacidad","status":"publish","type":"page","link":"https:\/\/gran.finance\/index.php\/privacidad\/","title":{"rendered":"Acuerdo de privacidad"},"content":{"rendered":"<p>[vc_row pix_particles_check=&#8221;&#8221;][vc_column][vc_column_text]<\/p>\n<h1><b><span data-font-family=\"default\">POL\u00cdTICA DE PRIVACIDAD<\/span><\/b><\/h1>\n<p><span data-font-family=\"&quot;Helvetica Neue&quot;,Helvetica,&quot;PingFang SC&quot;,&quot;Microsoft YaHei&quot;,&quot;Source Han Sans SC&quot;,&quot;Noto Sans CJK SC&quot;,&quot;WenQuanYi Micro Hei&quot;,sans-serif\">Estimado cliente, gracias por usar la aplicaci\u00f3n Amor Cash. Como operador de Amor Cash, comprendemos profundamente la importancia de la informaci\u00f3n personal para usted. Nosotros nos tomamos muy en serio su privacidad y se responsabiliza del correcto manejo, seguridad y protecci\u00f3n de sus datos personales, para lo cual proporciona la declaraci\u00f3n de privacidad que se detalla en este documento, cumpliendo as\u00ed con la Ley Federal de Protecci\u00f3n de Datos Personales en Posesi\u00f3n de los Particulares.<\/span><\/p>\n<p><span data-font-family=\"&quot;Helvetica Neue&quot;,Helvetica,&quot;PingFang SC&quot;,&quot;Microsoft YaHei&quot;,&quot;Source Han Sans SC&quot;,&quot;Noto Sans CJK SC&quot;,&quot;WenQuanYi Micro Hei&quot;,sans-serif\">Le presentaremos c\u00f3mo manejamos su informaci\u00f3n personal en diferentes escenarios a trav\u00e9s de esta Pol\u00edtica de privacidad. Especificamos esta Pol\u00edtica de privacidad y le recordamos: Esperamos que lea y comprenda esta Pol\u00edtica de privacidad detenidamente antes de utilizar el servicio Amor Cash, para que pueda tomar las decisiones adecuadas.<\/span><\/p>\n<p><span data-font-family=\"&quot;Helvetica Neue&quot;,Helvetica,&quot;PingFang SC&quot;,&quot;Microsoft YaHei&quot;,&quot;Source Han Sans SC&quot;,&quot;Noto Sans CJK SC&quot;,&quot;WenQuanYi Micro Hei&quot;,sans-serif\">Si tiene alguna pregunta sobre el procesamiento de informaci\u00f3n personal, puede comunicarse con Amor Cash en cualquier momento para eliminar los datos. Amor Cash, est\u00e1 ubicado en, S\u00e3o Paulo 1712, Providencia, 44630 Guadalajara, Jal., Mexico. Tambi\u00e9n puede contactarnos por correo electr\u00f3nico <\/span><span data-font-family=\"&quot;Arial&quot;,&quot;Helvetica Neue&quot;,Helvetica,&quot;PingFang SC&quot;,&quot;Microsoft YaHei&quot;,&quot;Source Han Sans SC&quot;,&quot;Noto Sans CJK SC&quot;,&quot;WenQuanYi Micro Hei&quot;,sans-serif\">hola@gran.finance. <\/span><span data-font-family=\"&quot;Arial&quot;,&quot;Helvetica Neue&quot;,&quot;Helvetica&quot;,&quot;PingFang SC&quot;,&quot;Microsoft YaHei&quot;,&quot;Source Han Sans SC&quot;,&quot;Noto Sans CJK SC&quot;,&quot;WenQuanYi Micro Hei&quot;,PingFang,&quot;PingFang SC&quot;,&quot;\u82f9\u65b9&quot;,&quot;\u82f9\u65b9-\u7b80&quot;,SimHei,&quot;Heiti SC&quot;,Hei,&quot;\u9ed1\u4f53&quot;,&quot;\u9ed1\u4f53-\u7b80&quot;,&quot;Microsoft YaHei&quot;,&quot;\u5fae\u8f6f\u96c5\u9ed1&quot;,SimHei,&quot;Heiti SC&quot;,Hei,&quot;\u9ed1\u4f53&quot;,&quot;\u9ed1\u4f53-\u7b80&quot;,&quot;Helvetica Neue&quot;,Helvetica,&quot;PingFang SC&quot;,&quot;Microsoft YaHei&quot;,&quot;Source Han Sans SC&quot;,&quot;Noto Sans CJK SC&quot;,&quot;WenQuanYi Micro Hei&quot;,sans-serif\">Nuestro horario de trabajo es: Lunes a S\u00e1bado 9:00-18:00.<\/span><\/p>\n<h3><b><span data-font-family=\"default\">CONSENTIMIENTO<\/span><\/b><\/h3>\n<p><span data-font-family=\"&quot;Helvetica Neue&quot;,Helvetica,&quot;PingFang SC&quot;,&quot;Microsoft YaHei&quot;,&quot;Source Han Sans SC&quot;,&quot;Noto Sans CJK SC&quot;,&quot;WenQuanYi Micro Hei&quot;,sans-serif\">Al hacer uso de Amor Cash usted acepta esta Pol\u00edtica de Privacidad y presta su consentimiento libre, expreso, inequ\u00edvoco e informado para que esta aplicaci\u00f3n recolecte y procese informaci\u00f3n del usuario. Asimismo, usted (el usuario) declara estar de acuerdo con todos los aspectos expuestos en este documento y nos autoriza a tratar sus datos personales para las finalidades expuestas.<\/span><\/p>\n<p><span data-font-family=\"&quot;Helvetica Neue&quot;,Helvetica,&quot;PingFang SC&quot;,&quot;Microsoft YaHei&quot;,&quot;Source Han Sans SC&quot;,&quot;Noto Sans CJK SC&quot;,&quot;WenQuanYi Micro Hei&quot;,sans-serif\">En ese sentido, Usted, acepta que ha le\u00eddo detenidamente y comprende el contenido y alcance de todas y cada una de las disposiciones contenidas en el presente documento publicado por Amor Cash y en ese sentido, manifiesta que al aceptar las presentes estipulaciones declara encontrarse debidamente facultada para obligarse comercialmente con nuestra entidad en los t\u00e9rminos y condiciones presentados.<\/span><\/p>\n<p><span data-font-family=\"&quot;Helvetica Neue&quot;,Helvetica,&quot;PingFang SC&quot;,&quot;Microsoft YaHei&quot;,&quot;Source Han Sans SC&quot;,&quot;Noto Sans CJK SC&quot;,&quot;WenQuanYi Micro Hei&quot;,sans-serif\">Para efectos de esta Pol\u00edtica toda referencia a \u201cnos\u201d, \u201cnosotros\u201d o \u201cnuestra\u201d hace alusi\u00f3n\u201d a Amor Cash y cuando se refiere a \u201cel usuario\u201d o \u201clos usuarios\u201d o \u201custed\u201d se entender\u00e1n a todas aquellas personas distintas a Amor Cash que naveguen, ingresen, revisen, interact\u00faen y proporcionen sus datos personales.<\/span><\/p>\n<h3><b><span data-font-family=\"default\">El DERECHOS DEL USUARIO<\/span><\/b><\/h3>\n<p><span data-font-family=\"&quot;Helvetica Neue&quot;,Helvetica,&quot;PingFang SC&quot;,&quot;Microsoft YaHei&quot;,&quot;Source Han Sans SC&quot;,&quot;Noto Sans CJK SC&quot;,&quot;WenQuanYi Micro Hei&quot;,sans-serif\">En relaci\u00f3n a los datos que gestionamos y almacenamos en nuestros archivos. Usted tiene los siguientes derechos:<\/span><\/p>\n<ul>\n<li><span data-font-family=\"&quot;Helvetica Neue&quot;,Helvetica,&quot;PingFang SC&quot;,&quot;Microsoft YaHei&quot;,&quot;Source Han Sans SC&quot;,&quot;Noto Sans CJK SC&quot;,&quot;WenQuanYi Micro Hei&quot;,sans-serif\"> Derecho a solicitar el acceso a sus datos personales<\/span><\/li>\n<li><span data-font-family=\"&quot;Helvetica Neue&quot;,Helvetica,&quot;PingFang SC&quot;,&quot;Microsoft YaHei&quot;,&quot;Source Han Sans SC&quot;,&quot;Noto Sans CJK SC&quot;,&quot;WenQuanYi Micro Hei&quot;,sans-serif\"> Derecho a solicitar el rectificaci\u00f3n a sus datos personales<\/span><\/li>\n<li><span data-font-family=\"&quot;Helvetica Neue&quot;,Helvetica,&quot;PingFang SC&quot;,&quot;Microsoft YaHei&quot;,&quot;Source Han Sans SC&quot;,&quot;Noto Sans CJK SC&quot;,&quot;WenQuanYi Micro Hei&quot;,sans-serif\"> Derecho al borrado de sus datos personales (derecho al olvido).<\/span><\/li>\n<li><span data-font-family=\"&quot;Helvetica Neue&quot;,Helvetica,&quot;PingFang SC&quot;,&quot;Microsoft YaHei&quot;,&quot;Source Han Sans SC&quot;,&quot;Noto Sans CJK SC&quot;,&quot;WenQuanYi Micro Hei&quot;,sans-serif\"> Derecho a oponerse al procesamiento de sus datos personales, y a que se restrinja el procesamiento de sus datos personales en determinadas circunstancias.<\/span><\/li>\n<li><span data-font-family=\"&quot;Helvetica Neue&quot;,Helvetica,&quot;PingFang SC&quot;,&quot;Microsoft YaHei&quot;,&quot;Source Han Sans SC&quot;,&quot;Noto Sans CJK SC&quot;,&quot;WenQuanYi Micro Hei&quot;,sans-serif\"> Derecho incondicional a oponerse al procesamiento de sus datos personales con fines de marketing directo.<\/span><\/li>\n<\/ul>\n<p><span data-font-family=\"&quot;Helvetica Neue&quot;,Helvetica,&quot;PingFang SC&quot;,&quot;Microsoft YaHei&quot;,&quot;Source Han Sans SC&quot;,&quot;Noto Sans CJK SC&quot;,&quot;WenQuanYi Micro Hei&quot;,sans-serif\">Si el procesamiento de su informaci\u00f3n personal se basa en su consentimiento, tiene derecho a revocar su consentimiento en cualquier momento. Su retirada no afectar\u00e1 a la licitud del tratamiento realizado antes de que retirase su consentimiento. Puede retirar su consentimiento en su perfil, en nuestro sitio web, o poni\u00e9ndose en contacto con nosotros a trav\u00e9s del correo electr\u00f3nico: hola@gran.finance.<\/span><\/p>\n<h3><b><span data-font-family=\"default\">RECOPILAMOS INFORMACI\u00d3N<\/span><\/b><\/h3>\n<p><span data-font-family=\"&quot;Helvetica Neue&quot;,Helvetica,&quot;PingFang SC&quot;,&quot;Microsoft YaHei&quot;,&quot;Source Han Sans SC&quot;,&quot;Noto Sans CJK SC&quot;,&quot;WenQuanYi Micro Hei&quot;,sans-serif\">Informaci\u00f3n proporcionada por usted al llenar los datos en nuestra aplicaci\u00f3n y\/o al interactuar con nosotros por v\u00eda telef\u00f3nica, correo electr\u00f3nico, libro de reclamaciones o de cualquier otra forma. Esto incluye, pero no se limita a, la informaci\u00f3n proporcionada al registrar como usuario para utilizar la aplicaci\u00f3n, realizar operaciones con la misma o reportar alg\u00fan problema en la p\u00e1gina web y\/o aplicaci\u00f3n.<\/span><\/p>\n<p><span data-font-family=\"&quot;Helvetica Neue&quot;,Helvetica,&quot;PingFang SC&quot;,&quot;Microsoft YaHei&quot;,&quot;Source Han Sans SC&quot;,&quot;Noto Sans CJK SC&quot;,&quot;WenQuanYi Micro Hei&quot;,sans-serif\">La informaci\u00f3n recolectada por lo menos incluir\u00e1:<\/span><\/p>\n<ul>\n<li><span data-font-family=\"&quot;Helvetica Neue&quot;,Helvetica,&quot;PingFang SC&quot;,&quot;Microsoft YaHei&quot;,&quot;Source Han Sans SC&quot;,&quot;Noto Sans CJK SC&quot;,&quot;WenQuanYi Micro Hei&quot;,sans-serif\"> Nombre.<\/span><\/li>\n<li><span data-font-family=\"&quot;Helvetica Neue&quot;,Helvetica,&quot;PingFang SC&quot;,&quot;Microsoft YaHei&quot;,&quot;Source Han Sans SC&quot;,&quot;Noto Sans CJK SC&quot;,&quot;WenQuanYi Micro Hei&quot;,sans-serif\"> Apellidos.<\/span><\/li>\n<li><span data-font-family=\"&quot;Helvetica Neue&quot;,Helvetica,&quot;PingFang SC&quot;,&quot;Microsoft YaHei&quot;,&quot;Source Han Sans SC&quot;,&quot;Noto Sans CJK SC&quot;,&quot;WenQuanYi Micro Hei&quot;,sans-serif\"> Correo electr\u00f3nico.<\/span><\/li>\n<li><span data-font-family=\"&quot;Helvetica Neue&quot;,Helvetica,&quot;PingFang SC&quot;,&quot;Microsoft YaHei&quot;,&quot;Source Han Sans SC&quot;,&quot;Noto Sans CJK SC&quot;,&quot;WenQuanYi Micro Hei&quot;,sans-serif\"> N\u00famero del documento oficial de identidad.<\/span><\/li>\n<li><span data-font-family=\"&quot;Helvetica Neue&quot;,Helvetica,&quot;PingFang SC&quot;,&quot;Microsoft YaHei&quot;,&quot;Source Han Sans SC&quot;,&quot;Noto Sans CJK SC&quot;,&quot;WenQuanYi Micro Hei&quot;,sans-serif\"> N\u00famero de tel\u00e9fono.<\/span><\/li>\n<li><span data-font-family=\"&quot;Helvetica Neue&quot;,Helvetica,&quot;PingFang SC&quot;,&quot;Microsoft YaHei&quot;,&quot;Source Han Sans SC&quot;,&quot;Noto Sans CJK SC&quot;,&quot;WenQuanYi Micro Hei&quot;,sans-serif\"> Sexo.<\/span><\/li>\n<li><span data-font-family=\"&quot;Helvetica Neue&quot;,Helvetica,&quot;PingFang SC&quot;,&quot;Microsoft YaHei&quot;,&quot;Source Han Sans SC&quot;,&quot;Noto Sans CJK SC&quot;,&quot;WenQuanYi Micro Hei&quot;,sans-serif\"> Fecha de nacimiento.<\/span><\/li>\n<li><span data-font-family=\"&quot;Helvetica Neue&quot;,Helvetica,&quot;PingFang SC&quot;,&quot;Microsoft YaHei&quot;,&quot;Source Han Sans SC&quot;,&quot;Noto Sans CJK SC&quot;,&quot;WenQuanYi Micro Hei&quot;,sans-serif\"> Direcci\u00f3n.<\/span><\/li>\n<li><span data-font-family=\"&quot;Helvetica Neue&quot;,Helvetica,&quot;PingFang SC&quot;,&quot;Microsoft YaHei&quot;,&quot;Source Han Sans SC&quot;,&quot;Noto Sans CJK SC&quot;,&quot;WenQuanYi Micro Hei&quot;,sans-serif\"> N\u00fameros de cuenta bancarios e interbancarios.<\/span><\/li>\n<li><span data-font-family=\"&quot;Helvetica Neue&quot;,Helvetica,&quot;PingFang SC&quot;,&quot;Microsoft YaHei&quot;,&quot;Source Han Sans SC&quot;,&quot;Noto Sans CJK SC&quot;,&quot;WenQuanYi Micro Hei&quot;,sans-serif\"> Ubicaci\u00f3n geogr\u00e1fica.<\/span><\/li>\n<li><span data-font-family=\"&quot;Helvetica Neue&quot;,Helvetica,&quot;PingFang SC&quot;,&quot;Microsoft YaHei&quot;,&quot;Source Han Sans SC&quot;,&quot;Noto Sans CJK SC&quot;,&quot;WenQuanYi Micro Hei&quot;,sans-serif\"> Fotograf\u00eda.<\/span><\/li>\n<li><span data-font-family=\"&quot;Helvetica Neue&quot;,Helvetica,&quot;PingFang SC&quot;,&quot;Microsoft YaHei&quot;,&quot;Source Han Sans SC&quot;,&quot;Noto Sans CJK SC&quot;,&quot;WenQuanYi Micro Hei&quot;,sans-serif\"> Situaci\u00f3n laboral.<\/span><\/li>\n<li><span data-font-family=\"&quot;Helvetica Neue&quot;,Helvetica,&quot;PingFang SC&quot;,&quot;Microsoft YaHei&quot;,&quot;Source Han Sans SC&quot;,&quot;Noto Sans CJK SC&quot;,&quot;WenQuanYi Micro Hei&quot;,sans-serif\"> Cualquier otro tipo de informaci\u00f3n que usted nos proporcione.<\/span><\/li>\n<\/ul>\n<p><span data-font-family=\"&quot;Helvetica Neue&quot;,Helvetica,&quot;PingFang SC&quot;,&quot;Microsoft YaHei&quot;,&quot;Source Han Sans SC&quot;,&quot;Noto Sans CJK SC&quot;,&quot;WenQuanYi Micro Hei&quot;,sans-serif\">Adem\u00e1s, cuando utiliza la aplicaci\u00f3n Amor Cash, tambi\u00e9n recopilamos la siguiente informaci\u00f3n, que requiere su permiso:<\/span><\/p>\n<p><span data-font-family=\"Arial\">UBICACIONES<\/span><span data-font-family=\"Arial\">: <\/span><span data-font-family=\"&quot;Helvetica Neue&quot;,Helvetica,&quot;PingFang SC&quot;,&quot;Microsoft YaHei&quot;,&quot;Source Han Sans SC&quot;,&quot;Noto Sans CJK SC&quot;,&quot;WenQuanYi Micro Hei&quot;,sans-serif\">Recopilamos y monitoreamos la informaci\u00f3n acerca de las ubicaciones de sus dispositivos para la evaluaci\u00f3n del perfil del cliente y para evitar fraudes.<\/span><\/p>\n<p><span data-font-family=\"Arial\">APLICACI\u00d3N: <\/span><span data-font-family=\"&quot;Helvetica Neue&quot;,Helvetica,&quot;PingFang SC&quot;,&quot;Microsoft YaHei&quot;,&quot;Source Han Sans SC&quot;,&quot;Noto Sans CJK SC&quot;,&quot;WenQuanYi Micro Hei&quot;,sans-serif\">Recogeremos tu lista detallada de aplicaciones instaladas para evaluar tu propensi\u00f3n al pr\u00e9stamo y tu situaci\u00f3n de deuda.<\/span><\/p>\n<p><span data-font-family=\"Arial\">C\u00c1MARA<\/span><span data-font-family=\"Arial\">: <\/span><span data-font-family=\"&quot;Helvetica Neue&quot;,Helvetica,&quot;PingFang SC&quot;,&quot;Microsoft YaHei&quot;,&quot;Source Han Sans SC&quot;,&quot;Noto Sans CJK SC&quot;,&quot;WenQuanYi Micro Hei&quot;,sans-serif\">Se pedir\u00e1 acceso a la c\u00e1mara del dispositivo m\u00f3vil para que puedas identificarte por medio de un \u201cselfie\u201d y adem\u00e1s puedas proporcionarnos los documentos necesarios para el proceso de solicitud y evaluaci\u00f3n de tu perfil de cliente.<\/span><\/p>\n<p><span data-font-family=\"Arial\">SMS<\/span><span data-font-family=\"Arial\">: <\/span><span data-font-family=\"&quot;Helvetica Neue&quot;,Helvetica,&quot;PingFang SC&quot;,&quot;Microsoft YaHei&quot;,&quot;Source Han Sans SC&quot;,&quot;Noto Sans CJK SC&quot;,&quot;WenQuanYi Micro Hei&quot;,sans-serif\">Solo recopilamos SMS relacionados con la evaluaci\u00f3n del cr\u00e9dito. No se supervisan, leer, almacenan ni comparten datos personales de SMS. Lo anterior nos permite identificarte adecuadamente y verificar si calificas como persona a ser financiada por nosotros.<\/span><\/p>\n<p><span data-font-family=\"Arial\">CONTACTOS<\/span><span data-font-family=\"Arial\">: <\/span><span data-font-family=\"&quot;Helvetica Neue&quot;,Helvetica,&quot;PingFang SC&quot;,&quot;Microsoft YaHei&quot;,&quot;Source Han Sans SC&quot;,&quot;Noto Sans CJK SC&quot;,&quot;WenQuanYi Micro Hei&quot;,sans-serif\">Recopilamos todos los contactos de su directorio telef\u00f3nico, incluido su nombre de contacto telef\u00f3nico, n\u00famero de tel\u00e9fono. Esto nos ayudar\u00e1 a verificar la identidad de nuestros clientes, evitar fraudes, etc.De esta manera, podremos evaluar de una mejor manera su perfil crediticio y gestionar nuestros riesgos de identificaci\u00f3n y gesti\u00f3n de cartera de cr\u00e9ditos.<\/span><\/p>\n<p><span data-font-family=\"Arial\">CALENDARIO<\/span><span data-font-family=\"Arial\">: <\/span><span data-font-family=\"&quot;Helvetica Neue&quot;,Helvetica,&quot;PingFang SC&quot;,&quot;Microsoft YaHei&quot;,&quot;Source Han Sans SC&quot;,&quot;Noto Sans CJK SC&quot;,&quot;WenQuanYi Micro Hei&quot;,sans-serif\">Solicitaremos acceso a su calendario, para poder agendar la fecha de pago respectiva y los recordatorios respectivos. En caso de que se olvide y pague con retraso.<\/span><\/p>\n<p><span data-font-family=\"&quot;Helvetica Neue&quot;,Helvetica,&quot;PingFang SC&quot;,&quot;Microsoft YaHei&quot;,&quot;Source Han Sans SC&quot;,&quot;Noto Sans CJK SC&quot;,&quot;WenQuanYi Micro Hei&quot;,sans-serif\">En resumen, todas las transacciones, cumplen los siguientes est\u00e1ndares de seguridad:<\/span><\/p>\n<p><span data-font-family=\"&quot;Helvetica Neue&quot;,Helvetica,&quot;PingFang SC&quot;,&quot;Microsoft YaHei&quot;,&quot;Source Han Sans SC&quot;,&quot;Noto Sans CJK SC&quot;,&quot;WenQuanYi Micro Hei&quot;,sans-serif\">Su informaci\u00f3n no ser\u00e1 almacenada arbitrariamente, m\u00e1s bien la misma se transmitir\u00e1 a https:\/\/gran.finance de forma encriptado y\/o codificaci\u00f3n de datos, es decir. Su informaci\u00f3n est\u00e1 protegida para que no pueda ser obtenida por personas no autorizadas o por terceros.<\/span><\/p>\n<h3><b><span data-font-family=\"default\">USAMOS INFORMACI\u00d3N<\/span><\/b><\/h3>\n<p><span data-font-family=\"&quot;Helvetica Neue&quot;,Helvetica,&quot;PingFang SC&quot;,&quot;Microsoft YaHei&quot;,&quot;Source Han Sans SC&quot;,&quot;Noto Sans CJK SC&quot;,&quot;WenQuanYi Micro Hei&quot;,sans-serif\">Sus datos son tratados con car\u00e1cter previo a la concesi\u00f3n del pr\u00e9stamo para gestionar y evaluar su solicitud de pr\u00e9stamo.<\/span><\/p>\n<ul>\n<li><span data-font-family=\"&quot;Helvetica Neue&quot;,Helvetica,&quot;PingFang SC&quot;,&quot;Microsoft YaHei&quot;,&quot;Source Han Sans SC&quot;,&quot;Noto Sans CJK SC&quot;,&quot;WenQuanYi Micro Hei&quot;,sans-serif\"> Determinaci\u00f3n de su identidad y la realizaci\u00f3n de an\u00e1lisis de riesgos,evaluar su solvenciaPrevenir y detectar actividades fraudulentas.<\/span><\/li>\n<li><span data-font-family=\"&quot;Helvetica Neue&quot;,Helvetica,&quot;PingFang SC&quot;,&quot;Microsoft YaHei&quot;,&quot;Source Han Sans SC&quot;,&quot;Noto Sans CJK SC&quot;,&quot;WenQuanYi Micro Hei&quot;,sans-serif\"> Ejecutar, mantener, actualizar y mantener registros de los detalles de &#8220;conozca a su cliente&#8221; (Procedimiento KYC), verificaciones de identidad y riesgo, monitoreo de transacciones<\/span><\/li>\n<li><span data-font-family=\"&quot;Helvetica Neue&quot;,Helvetica,&quot;PingFang SC&quot;,&quot;Microsoft YaHei&quot;,&quot;Source Han Sans SC&quot;,&quot;Noto Sans CJK SC&quot;,&quot;WenQuanYi Micro Hei&quot;,sans-serif\"> Administrar su pr\u00e9stamo y su reembolso, as\u00ed como mantener sus datos personales en nuestros sistemas administrativos donde guardamos y procesamos sus datos.<\/span><\/li>\n<li><span data-font-family=\"&quot;Helvetica Neue&quot;,Helvetica,&quot;PingFang SC&quot;,&quot;Microsoft YaHei&quot;,&quot;Source Han Sans SC&quot;,&quot;Noto Sans CJK SC&quot;,&quot;WenQuanYi Micro Hei&quot;,sans-serif\"> Salvaguardar nuestros derechos, por ejemplo, recuperar los fondos que se nos adeuden a trav\u00e9s del env\u00edo de recordatorios oportunos y actividades de recuperaci\u00f3n, incluida la gesti\u00f3n de listas internas de incumplimientos contractuales, y manteniendo informaci\u00f3n que pueda usarse como evidencia en caso de disputas e inspecciones.<\/span><\/li>\n<li><span data-font-family=\"&quot;Helvetica Neue&quot;,Helvetica,&quot;PingFang SC&quot;,&quot;Microsoft YaHei&quot;,&quot;Source Han Sans SC&quot;,&quot;Noto Sans CJK SC&quot;,&quot;WenQuanYi Micro Hei&quot;,sans-serif\"> Contactarlo e informarle de cualquier cambio en nuestros t\u00e9rminos, productos o servicios.<\/span><\/li>\n<li><span data-font-family=\"&quot;Helvetica Neue&quot;,Helvetica,&quot;PingFang SC&quot;,&quot;Microsoft YaHei&quot;,&quot;Source Han Sans SC&quot;,&quot;Noto Sans CJK SC&quot;,&quot;WenQuanYi Micro Hei&quot;,sans-serif\"> Analizar y mejorar de la experiencia del usuario para asegurar que el contenido se presenta de la manera m\u00e1s eficaz para usted en su dispositivo.<\/span><\/li>\n<\/ul>\n<p><span data-font-family=\"&quot;Helvetica Neue&quot;,Helvetica,&quot;PingFang SC&quot;,&quot;Microsoft YaHei&quot;,&quot;Source Han Sans SC&quot;,&quot;Noto Sans CJK SC&quot;,&quot;WenQuanYi Micro Hei&quot;,sans-serif\">Proporcionar sus datos es una condici\u00f3n previa para la celebraci\u00f3n de un contrato de pr\u00e9stamo. Adem\u00e1s sus datos se recopilan como requisito legal para evaluar la solvencia, y aplicar los preceptivos controles de identidad (KYC) a nuestros clientes. La consecuencia de que no nos proporcione sus datos personales es que no podremos celebrar un contrato con usted, ni proporcionarle nuestros productos y servicios, ya que no podr\u00edamos verificar su identidad y evaluar su solvencia.<\/span><\/p>\n<h3><b><span data-font-family=\"default\">COOKIES<\/span><\/b><\/h3>\n<p><span data-font-family=\"&quot;Helvetica Neue&quot;,Helvetica,&quot;PingFang SC&quot;,&quot;Microsoft YaHei&quot;,&quot;Source Han Sans SC&quot;,&quot;Noto Sans CJK SC&quot;,&quot;WenQuanYi Micro Hei&quot;,sans-serif\">Mecionados en el presente Pol\u00edtica, en tu ordenador se almacenan cookies cuando visitas y usas nustro sitio web, aplicaciones m\u00f3viles y cualquier tecnolog\u00eda propiedad de Amor Cash. Las cookies son peque\u00f1os archivos de texto que se almacenan en el navegador de tu dispositivo para guardar determinada informaci\u00f3n. Cuando vuelvas a visitar nuestro sitio web desde el mismo dispositivo, la informaci\u00f3n guardada en las cookies se transmitir\u00e1 a nuestro sitio web.<\/span><\/p>\n<h3><b><span data-font-family=\"default\">ENLACES A TERCEROS<\/span><\/b><\/h3>\n<p><span data-font-family=\"&quot;Helvetica Neue&quot;,Helvetica,&quot;PingFang SC&quot;,&quot;Microsoft YaHei&quot;,&quot;Source Han Sans SC&quot;,&quot;Noto Sans CJK SC&quot;,&quot;WenQuanYi Micro Hei&quot;,sans-serif\">En alg\u00fan punto nuestros sitios web y\/o aplicaciones para dispositivos m\u00f3viles pudieran contener enlaces a otros sitios que pudieran ser de tu inter\u00e9s. Una vez que hagas clic en estos enlaces y abandones nuestra p\u00e1gina o aplicaci\u00f3n, ya no tendremos control sobre el sitio al que ser\u00e1s redirijido y por lo tanto no somos responsables de los t\u00e9rminos de uso o pol\u00edticas de privacidad en esos sitios de terceros ni de la protecci\u00f3n de tus datos all\u00ed. Dichos sitios est\u00e1n sujetos a sus propias pol\u00edticas y t\u00e9rminos por lo cual es recomendable que los consultes para confirmar que est\u00e1s de acuerdo.<\/span><\/p>\n<h3><b><span data-font-family=\"Helvetica\">ACCEDER, MODIFICAR\/EDITAR, ELIMINAR DATOS<\/span><\/b><\/h3>\n<p><span data-font-family=\"&quot;Helvetica Neue&quot;,Helvetica,&quot;PingFang SC&quot;,&quot;Microsoft YaHei&quot;,&quot;Source Han Sans SC&quot;,&quot;Noto Sans CJK SC&quot;,&quot;WenQuanYi Micro Hei&quot;,sans-serif\">Los usuarios pueden optar por acceder, modificar\/editar, eliminar cualquier dato personal recopilado por nuestra plataforma. Tenga en cuenta que eliminar o desactivar informaci\u00f3n puede afectar nuestro servicio para usted. Si la informaci\u00f3n personal cambia, los usuarios deber\u00e1n proporcionar documentos de respaldo relacionados con los cambios para verificar nuestra informaci\u00f3n.<\/span><\/p>\n<p><span data-font-family=\"&quot;Helvetica Neue&quot;,Helvetica,&quot;PingFang SC&quot;,&quot;Microsoft YaHei&quot;,&quot;Source Han Sans SC&quot;,&quot;Noto Sans CJK SC&quot;,&quot;WenQuanYi Micro Hei&quot;,sans-serif\">En todo caso, podr\u00e1 solicitar el acceso, modificaci\u00f3n o supresi\u00f3n de sus datos personales poni\u00e9ndose en contacto con nosotros envi\u00e1ndonos un correo electr\u00f3nico a nuestro correo de atenci\u00f3n al cliente <\/span><span data-font-family=\"&quot;Arial&quot;,&quot;Helvetica Neue&quot;,Helvetica,&quot;PingFang SC&quot;,&quot;Microsoft YaHei&quot;,&quot;Source Han Sans SC&quot;,&quot;Noto Sans CJK SC&quot;,&quot;WenQuanYi Micro Hei&quot;,sans-serif\">hola@gran.finance<\/span><span data-font-family=\"&quot;Helvetica Neue&quot;,Helvetica,&quot;PingFang SC&quot;,&quot;Microsoft YaHei&quot;,&quot;Source Han Sans SC&quot;,&quot;Noto Sans CJK SC&quot;,&quot;WenQuanYi Micro Hei&quot;,sans-serif\">.<\/span><\/p>\n<p>[\/vc_column_text][\/vc_column][\/vc_row]<\/p>\n","protected":false},"excerpt":{"rendered":"[vc_row pix_particles_check=&#8221;&#8221;][vc_column][vc_column_text] POL\u00cdTICA DE PRIVACIDAD Estimado cliente, gracias por usar la aplicaci\u00f3n Amor Cash. Como operador de Amor Cash, comprendemos profundamente la importancia de la informaci\u00f3n personal para usted. Nosotros nos tomamos muy en serio su privacidad y se responsabiliza&#8230;","protected":false},"author":1,"featured_media":0,"parent":0,"menu_order":0,"comment_status":"closed","ping_status":"closed","template":"","meta":{"om_disable_all_campaigns":false,"_monsterinsights_skip_tracking":false,"_monsterinsights_sitenote_active":false,"_monsterinsights_sitenote_note":"","_monsterinsights_sitenote_category":0,"footnotes":""},"class_list":["post-4407","page","type-page","status-publish","hentry"],"aioseo_notices":[],"_links":{"self":[{"href":"https:\/\/gran.finance\/index.php\/wp-json\/wp\/v2\/pages\/4407","targetHints":{"allow":["GET"]}}],"collection":[{"href":"https:\/\/gran.finance\/index.php\/wp-json\/wp\/v2\/pages"}],"about":[{"href":"https:\/\/gran.finance\/index.php\/wp-json\/wp\/v2\/types\/page"}],"author":[{"embeddable":true,"href":"https:\/\/gran.finance\/index.php\/wp-json\/wp\/v2\/users\/1"}],"replies":[{"embeddable":true,"href":"https:\/\/gran.finance\/index.php\/wp-json\/wp\/v2\/comments?post=4407"}],"version-history":[{"count":2,"href":"https:\/\/gran.finance\/index.php\/wp-json\/wp\/v2\/pages\/4407\/revisions"}],"predecessor-version":[{"id":4421,"href":"https:\/\/gran.finance\/index.php\/wp-json\/wp\/v2\/pages\/4407\/revisions\/4421"}],"wp:attachment":[{"href":"https:\/\/gran.finance\/index.php\/wp-json\/wp\/v2\/media?parent=4407"}],"curies":[{"name":"wp","href":"https:\/\/api.w.org\/{rel}","templated":true}]}}